{"id":79,"date":"2014-07-31T08:31:06","date_gmt":"2014-07-31T07:31:06","guid":{"rendered":"http:\/\/www.bruxaines.be\/?page_id=79"},"modified":"2025-07-14T07:17:37","modified_gmt":"2025-07-14T06:17:37","slug":"livre-outil-pour-laccompagnement-de-la-maladie-grave","status":"publish","type":"page","link":"https:\/\/www.bruxaines.be\/?page_id=79","title":{"rendered":"Livre-Outil \u00ab\u00a0Quelqu&rsquo;un que j&rsquo;aime est tr\u00e8s malade\u00a0\u00bb"},"content":{"rendered":"<p style=\"text-align: center;\" align=\"center\"><a title=\"Livre-Outil pour l\u2019accompagnement de la maladie grave\" href=\"http:\/\/www.bruxaines.be\/wp-content\/uploads\/2025\/05\/COVER_quelqu-un-que-j-aime_2024-scaled.jpg\"><img loading=\"lazy\" decoding=\"async\" class=\"alignnone wp-image-708 size-medium\" src=\"http:\/\/www.bruxaines.be\/wp-content\/uploads\/2025\/05\/COVER_quelqu-un-que-j-aime_2024-212x300.jpg\" alt=\"\" width=\"212\" height=\"300\" srcset=\"https:\/\/www.bruxaines.be\/wp-content\/uploads\/2025\/05\/COVER_quelqu-un-que-j-aime_2024-212x300.jpg 212w, https:\/\/www.bruxaines.be\/wp-content\/uploads\/2025\/05\/COVER_quelqu-un-que-j-aime_2024-724x1024.jpg 724w, https:\/\/www.bruxaines.be\/wp-content\/uploads\/2025\/05\/COVER_quelqu-un-que-j-aime_2024-768x1086.jpg 768w, https:\/\/www.bruxaines.be\/wp-content\/uploads\/2025\/05\/COVER_quelqu-un-que-j-aime_2024-1086x1536.jpg 1086w, https:\/\/www.bruxaines.be\/wp-content\/uploads\/2025\/05\/COVER_quelqu-un-que-j-aime_2024-1448x2048.jpg 1448w, https:\/\/www.bruxaines.be\/wp-content\/uploads\/2025\/05\/COVER_quelqu-un-que-j-aime_2024-scaled.jpg 1810w\" sizes=\"auto, (max-width: 212px) 100vw, 212px\" \/><\/a><\/p>\n<p align=\"center\"><b>L\u2019accompagnement de la maladie grave<\/b><b><i>\u00a0<\/i><\/b><\/p>\n<p style=\"text-align: justify;\">La maladie grave bouleverse la vie de tout un chacun.<br \/>\nElle ne touche pas uniquement la personne malade mais \u00e9galement tout son entourage. La maladie grave ne laisse personne indiff\u00e9rent.<\/p>\n<p style=\"text-align: justify;\">Il en va de m\u00eame pour la personne en situation de handicap intellectuel qui sera t\u00f4t ou tard, confront\u00e9e elle aussi \u00e0 la maladie d\u2019un proche.<\/p>\n<p style=\"text-align: justify;\">Le fait que la vie de son proche malade soit menac\u00e9e en fait un \u00e9v\u00e9nement qui va capter une grande part de son \u00e9nergie.<br \/>\nEt cet \u00e9v\u00e9nement majeur aura tr\u00e8s certainement une forte influence sur sa vie quotidienne et, sans doute, sur son avenir.<\/p>\n<p style=\"text-align: justify;\">Il est donc important que la personne en situation de handicap intellectuel confront\u00e9e \u00e0 la maladie d\u2019un de ses proches, se sente concern\u00e9e par ce qui se passe et puisse recevoir une information correcte afin de se faire une id\u00e9e juste et r\u00e9aliste de la maladie et de ses cons\u00e9quences.<\/p>\n<p style=\"text-align: justify;\">C\u2019est dans cette optique d\u2019accompagnement que le groupe \u00ab Brux\u2019Ain\u00e9s \u00bb a r\u00e9alis\u00e9 ce livre-outil didactique destin\u00e9 \u00e0 aider la personne adulte en situation de handicap intellectuel \u00e0 comprendre et \u00e0 vivre au mieux la maladie de son proche, qu\u2019il soit un parent, un ami, un \u00e9ducateur ou toute autre personne qu\u2019elle aime.<\/p>\n<p style=\"text-align: justify;\"><span style=\"text-decoration: underline;\">Dans le m\u00eame concept que <i>\u00ab\u00a0Vivre un chagrin apr\u00e8s la mort d\u2019un proche\u00a0\u00bb,<\/i> ce nouveau livre-outil poursuit lui aussi deux objectifs<\/span> :<br \/>\n&#8211; Dans la premi\u00e8re partie, il permet \u00e0 la personne de r\u00e9pondre aux questions qu\u2019elle se pose sur la maladie de son proche et ses cons\u00e9quences.<br \/>\n&#8211; Dans la deuxi\u00e8me partie, il permet l&rsquo;expression et la reconnaissance des \u00e9motions \u00e9prouv\u00e9es par la personne lors de la maladie de son proche.<\/p>\n<p style=\"text-align: justify;\"><span style=\"text-decoration: underline;\">Prix du livre-outil <\/span>: 10 \u20ac<\/p>\n","protected":false},"excerpt":{"rendered":"<p>L\u2019accompagnement de la maladie grave\u00a0 La maladie grave bouleverse la vie de tout un chacun. Elle ne touche pas uniquement la personne malade mais \u00e9galement tout son entourage. La maladie <a class=\"more-link\" href=\"https:\/\/www.bruxaines.be\/?page_id=79\">Lire la suite &rarr;<\/a><\/p>\n","protected":false},"author":3,"featured_media":0,"parent":0,"menu_order":0,"comment_status":"closed","ping_status":"open","template":"","meta":{"footnotes":""},"class_list":["post-79","page","type-page","status-publish","hentry"],"_links":{"self":[{"href":"https:\/\/www.bruxaines.be\/index.php?rest_route=\/wp\/v2\/pages\/79","targetHints":{"allow":["GET"]}}],"collection":[{"href":"https:\/\/www.bruxaines.be\/index.php?rest_route=\/wp\/v2\/pages"}],"about":[{"href":"https:\/\/www.bruxaines.be\/index.php?rest_route=\/wp\/v2\/types\/page"}],"author":[{"embeddable":true,"href":"https:\/\/www.bruxaines.be\/index.php?rest_route=\/wp\/v2\/users\/3"}],"replies":[{"embeddable":true,"href":"https:\/\/www.bruxaines.be\/index.php?rest_route=%2Fwp%2Fv2%2Fcomments&post=79"}],"version-history":[{"count":7,"href":"https:\/\/www.bruxaines.be\/index.php?rest_route=\/wp\/v2\/pages\/79\/revisions"}],"predecessor-version":[{"id":789,"href":"https:\/\/www.bruxaines.be\/index.php?rest_route=\/wp\/v2\/pages\/79\/revisions\/789"}],"wp:attachment":[{"href":"https:\/\/www.bruxaines.be\/index.php?rest_route=%2Fwp%2Fv2%2Fmedia&parent=79"}],"curies":[{"name":"wp","href":"https:\/\/api.w.org\/{rel}","templated":true}]}}